{"id":15449,"date":"2025-09-17T21:18:38","date_gmt":"2025-09-17T21:18:38","guid":{"rendered":"https:\/\/erledagency.com\/?page_id=15449"},"modified":"2025-09-18T14:09:06","modified_gmt":"2025-09-18T14:09:06","slug":"landing","status":"publish","type":"page","link":"https:\/\/erledagency.com\/sq\/landing\/","title":{"rendered":"Landing"},"content":{"rendered":"<div id=\"sp-page\" class=\"spBgcover sp-content-1\" style=\"background-color: rgb(255, 255, 255); font-family: 'Helvetica Neue', Arial, sans-serif; font-weight: 400;\">\n<section id=\"sp-ks8a8s\" data-mobile-visibility=\"#sp-ks8a8s|false\" data-tablet-visibility=\"#sp-ks8a8s|false\" data-desktop-visibility=\"#sp-ks8a8s|false\" data-mobile-css=\"\" data-tablet-css=\"\" class=\"sp-el-section\" style=\"width: 100%; max-width: 100%; padding: 10px;\">\n<div id=\"sp-vw3kvy\" data-mobile-visibility=\"#sp-vw3kvy|false\" data-tablet-visibility=\"#sp-vw3kvy|false\" data-desktop-visibility=\"#sp-vw3kvy|false\" data-mobile-css=\"\" data-tablet-css=\"\" class=\"sp-el-row sp-w-full  sp-m-auto sm:sp-flex sp-justify-between\" style=\"padding: 0px;\">\n<div id=\"sp-r57mvc\" data-mobile-visibility=\"#sp-r57mvc|false\" data-tablet-visibility=\"#sp-r57mvc|false\" data-desktop-visibility=\"#sp-r57mvc|false\" data-mobile-css=\"\" data-tablet-css=\"\" class=\"sp-el-col  sp-w-full\" style=\"width: calc(100% + 0px);\">\n<div id=\"sp-s7l3cb\" data-mobile-visibility=\".sp-custom-html-block-s7l3cb|false\" data-tablet-visibility=\".sp-custom-html-block-s7l3cb|false\" data-desktop-visibility=\".sp-custom-html-block-s7l3cb|false\" data-mobile-css=\"\" data-tablet-css=\"\" class=\"sp-code-wrapper sp-el-block sp-custom-html-block-s7l3cb\" style=\"margin: 0px;\">\n<div class=\"sp-html sp-html-code\">\n<section class=\"coming-soon\">\n<div class=\"overlay\"><\/div>\n<div class=\"content\">\n<p>\n      Faqja e re e <strong>ERLED<\/strong> (Agjensi Detare &amp; Spedicioni) \u00ebsht\u00eb n\u00eb nd\u00ebrtim.<br \/>\n      Ky website tani menaxhohet nga <strong>UPWeb Services<\/strong>.\n    <\/p>\n<\/p><\/div>\n<\/section>\n<style>\n.coming-soon{\n  position:relative;\n  min-height:80vh;\n  display:flex;\n  align-items:center;\n  justify-content:center;\n  text-align:center;\n  color:#ffffff;\n  background:url('https:\/\/images.unsplash.com\/photo-1507525428034-b723cf961d3e?ixlib=rb-4.0.3&auto=format&fit=crop&w=1950&q=80')\n    no-repeat center center\/cover;\n  border-radius:12px;\n  overflow:hidden;\n}<\/p>\n<p>.coming-soon .overlay{\n  position:absolute;\n  inset:0;\n  background:rgba(0,0,0,0.55);\n}<\/p>\n<p>.coming-soon .content{\n  position:relative;\n  z-index:1;\n  max-width:700px;\n  padding:40px 20px;\n}<\/p>\n<p>.coming-soon h1{\n  font-size:2.5rem;\n  margin-bottom:18px;\n  color:#ffffff;\n}<\/p>\n<p>.coming-soon p{\n  font-size:1.2rem;\n  line-height:1.7;\n  color:#ffffff;\n}<\/p>\n<p>@media (max-width:600px){\n  .coming-soon h1{ font-size:2rem; }\n  .coming-soon p{ font-size:1rem; }\n}\n<\/style>\n<\/div>\n<\/div>\n<\/div>\n<\/div>\n<\/section>\n<\/div>","protected":false},"excerpt":{"rendered":"<p>Faqja e re e ERLED (Agjensi Detare &amp; Spedicioni) \u00ebsht\u00eb n\u00eb nd\u00ebrtim. Ky website tani menaxhohet nga UPWeb Services.<\/p>","protected":false},"author":1,"featured_media":0,"parent":0,"menu_order":0,"comment_status":"closed","ping_status":"closed","template":"","meta":{"footnotes":""},"class_list":["post-15449","page","type-page","status-publish","hentry"],"_links":{"self":[{"href":"https:\/\/erledagency.com\/sq\/wp-json\/wp\/v2\/pages\/15449","targetHints":{"allow":["GET"]}}],"collection":[{"href":"https:\/\/erledagency.com\/sq\/wp-json\/wp\/v2\/pages"}],"about":[{"href":"https:\/\/erledagency.com\/sq\/wp-json\/wp\/v2\/types\/page"}],"author":[{"embeddable":true,"href":"https:\/\/erledagency.com\/sq\/wp-json\/wp\/v2\/users\/1"}],"replies":[{"embeddable":true,"href":"https:\/\/erledagency.com\/sq\/wp-json\/wp\/v2\/comments?post=15449"}],"version-history":[{"count":4,"href":"https:\/\/erledagency.com\/sq\/wp-json\/wp\/v2\/pages\/15449\/revisions"}],"predecessor-version":[{"id":15456,"href":"https:\/\/erledagency.com\/sq\/wp-json\/wp\/v2\/pages\/15449\/revisions\/15456"}],"wp:attachment":[{"href":"https:\/\/erledagency.com\/sq\/wp-json\/wp\/v2\/media?parent=15449"}],"curies":[{"name":"wp","href":"https:\/\/api.w.org\/{rel}","templated":true}]}}